{"id":24,"date":"2022-08-31T16:08:28","date_gmt":"2022-08-31T14:08:28","guid":{"rendered":"https:\/\/www.alforme.fr\/learn\/?page_id=24"},"modified":"2025-07-10T17:46:26","modified_gmt":"2025-07-10T15:46:26","slug":"home","status":"publish","type":"page","link":"https:\/\/www.alforme.fr\/learn\/","title":{"rendered":"Accueil"},"content":{"rendered":"\n<div class=\"wp-block-cover alignfull\" style=\"margin-top:0;margin-bottom:0;padding-top:var(--wp--preset--spacing--40);padding-right:var(--wp--preset--spacing--40);padding-bottom:var(--wp--preset--spacing--40);padding-left:var(--wp--preset--spacing--40);min-height:350px;aspect-ratio:unset;\"><span aria-hidden=\"true\" class=\"wp-block-cover__background has-background-dim-30 has-background-dim\"><\/span><img loading=\"lazy\" decoding=\"async\" width=\"3000\" height=\"1175\" class=\"wp-block-cover__image-background wp-image-297\" alt=\"\" src=\"https:\/\/www.alforme.fr\/learn\/wp-content\/uploads\/2023\/07\/couverture-FB1-1.png\" data-object-fit=\"cover\" srcset=\"https:\/\/www.alforme.fr\/learn\/wp-content\/uploads\/2023\/07\/couverture-FB1-1.png 3000w, https:\/\/www.alforme.fr\/learn\/wp-content\/uploads\/2023\/07\/couverture-FB1-1-300x118.png 300w, https:\/\/www.alforme.fr\/learn\/wp-content\/uploads\/2023\/07\/couverture-FB1-1-1024x401.png 1024w, https:\/\/www.alforme.fr\/learn\/wp-content\/uploads\/2023\/07\/couverture-FB1-1-768x301.png 768w, https:\/\/www.alforme.fr\/learn\/wp-content\/uploads\/2023\/07\/couverture-FB1-1-1536x602.png 1536w, https:\/\/www.alforme.fr\/learn\/wp-content\/uploads\/2023\/07\/couverture-FB1-1-2048x802.png 2048w\" sizes=\"auto, (max-width: 3000px) 100vw, 3000px\" \/><div class=\"wp-block-cover__inner-container is-layout-flow wp-block-cover-is-layout-flow\">\n<div class=\"wp-block-group is-vertical is-layout-flex wp-container-core-group-is-layout-fe9cc265 wp-block-group-is-layout-flex\">\n<h1 class=\"wp-block-heading\">Bienvenue sur Alforme Academy<\/h1>\n\n\n\n<h6 class=\"wp-block-heading\">\u00c9lever vos connaissances avec nos formations en ligne : L&#8217;expertise v\u00e9t\u00e9rinaire \u00e0 port\u00e9e de clic !<\/h6>\n<\/div>\n\n\n\n<div class=\"wp-block-group is-layout-constrained wp-block-group-is-layout-constrained\">\n<div class=\"wp-block-group is-layout-constrained wp-block-group-is-layout-constrained\">\n<div class=\"wp-block-group is-content-justification-left is-nowrap is-layout-flex wp-container-core-group-is-layout-fc9f69e7 wp-block-group-is-layout-flex\" style=\"font-size:24px\"><div class=\"learndash-wrap\"><div class=\"learndash-wrapper\"><a class=\"ld-login ld-login ld-login-text ld-login-button ld-button\" href=\"#login\">Me connecter<\/a><\/div><\/div><\/div>\n<\/div>\n<\/div>\n<\/div><\/div>\n\n\n\n<div class=\"wp-block-group is-layout-constrained wp-block-group-is-layout-constrained\"><\/div>\n\n\n\n<div class=\"wp-block-columns is-layout-flex wp-container-core-columns-is-layout-12a93db3 wp-block-columns-is-layout-flex\" style=\"margin-top:0;margin-bottom:0;padding-top:var(--wp--preset--spacing--70);padding-right:var(--wp--preset--spacing--70);padding-bottom:var(--wp--preset--spacing--70);padding-left:var(--wp--preset--spacing--70)\">\n<div class=\"wp-block-column is-layout-constrained wp-container-core-column-is-layout-ed0ca0a8 wp-block-column-is-layout-constrained\" style=\"padding-top:0;padding-right:var(--wp--preset--spacing--40);padding-bottom:0;padding-left:var(--wp--preset--spacing--40)\">\n<figure class=\"wp-block-image aligncenter size-thumbnail is-resized\"><img loading=\"lazy\" decoding=\"async\" width=\"150\" height=\"150\" src=\"https:\/\/www.alforme.fr\/learn\/wp-content\/uploads\/2023\/07\/Learndash_Plan-de-travail-1-150x150.png\" alt=\"\" class=\"wp-image-306\" style=\"aspect-ratio:1;object-fit:cover;width:140px\" srcset=\"https:\/\/www.alforme.fr\/learn\/wp-content\/uploads\/2023\/07\/Learndash_Plan-de-travail-1-150x150.png 150w, https:\/\/www.alforme.fr\/learn\/wp-content\/uploads\/2023\/07\/Learndash_Plan-de-travail-1-300x300.png 300w, https:\/\/www.alforme.fr\/learn\/wp-content\/uploads\/2023\/07\/Learndash_Plan-de-travail-1-1024x1024.png 1024w, https:\/\/www.alforme.fr\/learn\/wp-content\/uploads\/2023\/07\/Learndash_Plan-de-travail-1-768x768.png 768w, https:\/\/www.alforme.fr\/learn\/wp-content\/uploads\/2023\/07\/Learndash_Plan-de-travail-1-1536x1536.png 1536w, https:\/\/www.alforme.fr\/learn\/wp-content\/uploads\/2023\/07\/Learndash_Plan-de-travail-1-2048x2048.png 2048w\" sizes=\"auto, (max-width: 150px) 100vw, 150px\" \/><\/figure>\n\n\n\n<h6 class=\"wp-block-heading has-text-align-center has-medium-font-size\"><strong>Une expertise v\u00e9t\u00e9rinaire au coeur<\/strong> <strong>de nos formations<\/strong><\/h6>\n\n\n\n<p class=\"has-text-align-center\">Des cours \u00e9labor\u00e9s par des professionnels passionn\u00e9s, pour vous offrir une exp\u00e9rience d&#8217;apprentissage enrichissante et approfondie afin de d\u00e9veloppez votre savoir avec confiance et assurance !<\/p>\n<\/div>\n\n\n\n<div class=\"wp-block-column is-layout-constrained wp-container-core-column-is-layout-ed0ca0a8 wp-block-column-is-layout-constrained\" style=\"padding-top:0;padding-right:var(--wp--preset--spacing--40);padding-bottom:0;padding-left:var(--wp--preset--spacing--40)\">\n<figure class=\"wp-block-image aligncenter size-thumbnail is-resized\"><img loading=\"lazy\" decoding=\"async\" width=\"150\" height=\"150\" src=\"https:\/\/www.alforme.fr\/learn\/wp-content\/uploads\/2023\/07\/Learndash_Plan-de-travail-1-copie-150x150.png\" alt=\"\" class=\"wp-image-307\" style=\"aspect-ratio:1;object-fit:cover;width:140px\" srcset=\"https:\/\/www.alforme.fr\/learn\/wp-content\/uploads\/2023\/07\/Learndash_Plan-de-travail-1-copie-150x150.png 150w, https:\/\/www.alforme.fr\/learn\/wp-content\/uploads\/2023\/07\/Learndash_Plan-de-travail-1-copie-300x300.png 300w, https:\/\/www.alforme.fr\/learn\/wp-content\/uploads\/2023\/07\/Learndash_Plan-de-travail-1-copie-1024x1024.png 1024w, https:\/\/www.alforme.fr\/learn\/wp-content\/uploads\/2023\/07\/Learndash_Plan-de-travail-1-copie-768x768.png 768w, https:\/\/www.alforme.fr\/learn\/wp-content\/uploads\/2023\/07\/Learndash_Plan-de-travail-1-copie-1536x1536.png 1536w, https:\/\/www.alforme.fr\/learn\/wp-content\/uploads\/2023\/07\/Learndash_Plan-de-travail-1-copie-2048x2048.png 2048w\" sizes=\"auto, (max-width: 150px) 100vw, 150px\" \/><\/figure>\n\n\n\n<h6 class=\"wp-block-heading has-text-align-center has-medium-font-size\"><strong>Embarquez pour une aventure<\/strong> <strong>d&#8217;apprentissage sans limites<\/strong><\/h6>\n\n\n\n<p class=\"has-text-align-center\">Alforme vous offre l&#8217;acc\u00e8s \u00e0 une formation 100% en ligne, que vous soyez au bureau, \u00e0 la maison, ou en vacances&#8230; O\u00f9 que vous soyez, apprenez en toute libert\u00e9 !<\/p>\n<\/div>\n\n\n\n<div class=\"wp-block-column is-layout-constrained wp-container-core-column-is-layout-ed0ca0a8 wp-block-column-is-layout-constrained\" style=\"padding-top:0;padding-right:var(--wp--preset--spacing--40);padding-bottom:0;padding-left:var(--wp--preset--spacing--40)\">\n<figure class=\"wp-block-image aligncenter size-thumbnail is-resized\"><img loading=\"lazy\" decoding=\"async\" width=\"150\" height=\"150\" src=\"https:\/\/www.alforme.fr\/learn\/wp-content\/uploads\/2023\/07\/Learndash_Plan-de-travail-1-copie-2-150x150.png\" alt=\"\" class=\"wp-image-308\" style=\"aspect-ratio:1;object-fit:cover;width:140px\" srcset=\"https:\/\/www.alforme.fr\/learn\/wp-content\/uploads\/2023\/07\/Learndash_Plan-de-travail-1-copie-2-150x150.png 150w, https:\/\/www.alforme.fr\/learn\/wp-content\/uploads\/2023\/07\/Learndash_Plan-de-travail-1-copie-2-300x300.png 300w, https:\/\/www.alforme.fr\/learn\/wp-content\/uploads\/2023\/07\/Learndash_Plan-de-travail-1-copie-2-1024x1024.png 1024w, https:\/\/www.alforme.fr\/learn\/wp-content\/uploads\/2023\/07\/Learndash_Plan-de-travail-1-copie-2-768x768.png 768w, https:\/\/www.alforme.fr\/learn\/wp-content\/uploads\/2023\/07\/Learndash_Plan-de-travail-1-copie-2-1536x1536.png 1536w, https:\/\/www.alforme.fr\/learn\/wp-content\/uploads\/2023\/07\/Learndash_Plan-de-travail-1-copie-2-2048x2048.png 2048w\" sizes=\"auto, (max-width: 150px) 100vw, 150px\" \/><\/figure>\n\n\n\n<h6 class=\"wp-block-heading has-text-align-center has-medium-font-size\"><strong>D\u00e9couvrez la libert\u00e9 d&#8217;apprendre<\/strong> <strong>\u00e0 votre propre rythme<\/strong><\/h6>\n\n\n\n<p class=\"has-text-align-center\">Lib\u00e9rez votre potentiel, explorez de nouveaux horizons et atteignez vos objectifs, sans contraintes de temps ni de pression. Le savoir \u00e0 votre port\u00e9e, quand vous le souhaitez !<\/p>\n<\/div>\n<\/div>\n","protected":false},"excerpt":{"rendered":"<p>Une expertise v\u00e9t\u00e9rinaire au coeur de nos formations Des cours \u00e9labor\u00e9s par des professionnels passionn\u00e9s, pour vous offrir une exp\u00e9rience d&#8217;apprentissage enrichissante et approfondie afin de d\u00e9veloppez votre savoir avec confiance et assurance ! Embarquez pour une aventure d&#8217;apprentissage sans limites Alforme vous offre l&#8217;acc\u00e8s \u00e0 une formation 100% en ligne, que vous soyez au [&hellip;]<\/p>\n","protected":false},"author":2,"featured_media":0,"parent":0,"menu_order":0,"comment_status":"closed","ping_status":"closed","template":"","meta":{"site-sidebar-layout":"default","site-content-layout":"","ast-site-content-layout":"default","site-content-style":"default","site-sidebar-style":"default","ast-global-header-display":"","ast-banner-title-visibility":"","ast-main-header-display":"","ast-hfb-above-header-display":"","ast-hfb-below-header-display":"","ast-hfb-mobile-header-display":"","site-post-title":"disabled","ast-breadcrumbs-content":"","ast-featured-img":"","footer-sml-layout":"","ast-disable-related-posts":"","theme-transparent-header-meta":"","adv-header-id-meta":"","stick-header-meta":"","header-above-stick-meta":"","header-main-stick-meta":"","header-below-stick-meta":"","astra-migrate-meta-layouts":"set","ast-page-background-enabled":"default","ast-page-background-meta":{"desktop":{"background-color":"var(--ast-global-color-4)","background-image":"","background-repeat":"repeat","background-position":"center center","background-size":"auto","background-attachment":"scroll","background-type":"","background-media":"","overlay-type":"","overlay-color":"","overlay-opacity":"","overlay-gradient":""},"tablet":{"background-color":"","background-image":"","background-repeat":"repeat","background-position":"center center","background-size":"auto","background-attachment":"scroll","background-type":"","background-media":"","overlay-type":"","overlay-color":"","overlay-opacity":"","overlay-gradient":""},"mobile":{"background-color":"","background-image":"","background-repeat":"repeat","background-position":"center center","background-size":"auto","background-attachment":"scroll","background-type":"","background-media":"","overlay-type":"","overlay-color":"","overlay-opacity":"","overlay-gradient":""}},"ast-content-background-meta":{"desktop":{"background-color":"var(--ast-global-color-5)","background-image":"","background-repeat":"repeat","background-position":"center center","background-size":"auto","background-attachment":"scroll","background-type":"","background-media":"","overlay-type":"","overlay-color":"","overlay-opacity":"","overlay-gradient":""},"tablet":{"background-color":"var(--ast-global-color-5)","background-image":"","background-repeat":"repeat","background-position":"center center","background-size":"auto","background-attachment":"scroll","background-type":"","background-media":"","overlay-type":"","overlay-color":"","overlay-opacity":"","overlay-gradient":""},"mobile":{"background-color":"var(--ast-global-color-5)","background-image":"","background-repeat":"repeat","background-position":"center center","background-size":"auto","background-attachment":"scroll","background-type":"","background-media":"","overlay-type":"","overlay-color":"","overlay-opacity":"","overlay-gradient":""}},"footnotes":""},"class_list":["post-24","page","type-page","status-publish","hentry"],"_links":{"self":[{"href":"https:\/\/www.alforme.fr\/learn\/wp-json\/wp\/v2\/pages\/24","targetHints":{"allow":["GET"]}}],"collection":[{"href":"https:\/\/www.alforme.fr\/learn\/wp-json\/wp\/v2\/pages"}],"about":[{"href":"https:\/\/www.alforme.fr\/learn\/wp-json\/wp\/v2\/types\/page"}],"author":[{"embeddable":true,"href":"https:\/\/www.alforme.fr\/learn\/wp-json\/wp\/v2\/users\/2"}],"replies":[{"embeddable":true,"href":"https:\/\/www.alforme.fr\/learn\/wp-json\/wp\/v2\/comments?post=24"}],"version-history":[{"count":1,"href":"https:\/\/www.alforme.fr\/learn\/wp-json\/wp\/v2\/pages\/24\/revisions"}],"predecessor-version":[{"id":13203,"href":"https:\/\/www.alforme.fr\/learn\/wp-json\/wp\/v2\/pages\/24\/revisions\/13203"}],"wp:attachment":[{"href":"https:\/\/www.alforme.fr\/learn\/wp-json\/wp\/v2\/media?parent=24"}],"curies":[{"name":"wp","href":"https:\/\/api.w.org\/{rel}","templated":true}]}}